{"id":189,"date":"2025-04-24T20:51:12","date_gmt":"2025-04-24T20:51:12","guid":{"rendered":"https:\/\/geraldpribek.at\/?page_id=189"},"modified":"2025-04-25T10:30:36","modified_gmt":"2025-04-25T10:30:36","slug":"impressum","status":"publish","type":"page","link":"https:\/\/geraldpribek.at\/en\/impressum\/","title":{"rendered":"Imprint"},"content":{"rendered":"<section class=\"bde-section-189-100 bde-section\">\n  \n  \n\t\n\n\n\n<div class=\"section-container\"><h1 class=\"bde-heading-189-101 bde-heading\">\nImprint\n<\/h1><div class=\"bde-rich-text-189-103 bde-rich-text breakdance-rich-text-styles\">\n<p class=\"\" data-start=\"495\" data-end=\"521\"><strong data-start=\"495\" data-end=\"504\">Information according to Section 5 of the E-Commerce Act (ECG), Section 24 of the Media Act (MedienG) and Section 14 of the Commercial Code (UGB):<\/strong><\/p><p class=\"\" data-start=\"495\" data-end=\"521\"><strong data-start=\"495\" data-end=\"504\">Name:<\/strong><br data-start=\"504\" data-end=\"507\" \/>Gerald Gerhard Pribek<\/p><p class=\"\" data-start=\"523\" data-end=\"579\"><strong data-start=\"523\" data-end=\"537\">Address:<\/strong><br data-start=\"537\" data-end=\"540\" \/>Eyblweg 26<br \/>1210 Vienna<br \/>Austria<\/p><p class=\"\" data-start=\"581\" data-end=\"675\"><strong data-start=\"581\" data-end=\"593\">Contact:<\/strong><br data-start=\"593\" data-end=\"596\" \/>E-Mail: <a href=\"mailto:email@geraldgerhard.at\">email@geraldgerhard.at<\/a><br data-start=\"621\" data-end=\"624\" \/>Telephone: +43 660 1234567<\/p><p class=\"\" data-start=\"677\" data-end=\"728\"><strong data-start=\"677\" data-end=\"687\">Profession:<\/strong><br data-start=\"687\" data-end=\"690\" \/>Freelance artist \/ filmmaker<\/p><p class=\"\" data-start=\"730\" data-end=\"946\"><strong data-start=\"730\" data-end=\"753\">Disclaimer:<\/strong><br data-start=\"753\" data-end=\"756\" \/>Despite careful control of the content, I assume no liability for the content of external links. The operators of the linked sites are solely responsible for their content.<\/p><p class=\"\" data-start=\"948\" data-end=\"1116\"><strong data-start=\"948\" data-end=\"965\">Copyright:<\/strong><br data-start=\"965\" data-end=\"968\" \/>All content on this website (text, images, videos) is subject to copyright. Use without express permission is prohibited.<\/p><p data-start=\"948\" data-end=\"1116\"><strong>Photography:<\/strong><br \/>Natalie Paloma, <a href=\"https:\/\/nataliepaloma.at\/photographie\/gerald-pribek-actor\/\" target=\"_blank\" rel=\"noopener\">nataliepaloma.at<\/a><br \/><br \/><strong>Webdesign:\u00a0<\/strong><br \/>Dana Kindl, <a href=\"https:\/\/atelierkindl.at\" target=\"_blank\" rel=\"noopener\">atelierkindl.at<\/a><\/p>\n<\/div><\/div>\n<\/section>","protected":false},"excerpt":{"rendered":"<p>Impressum Angaben gem\u00e4\u00df \u00a7 5 E-Commerce-Gesetz (ECG), \u00a7 24 Mediengesetz (MedienG) und \u00a7 14 Unternehmensgesetzbuch (UGB):Name:Gerald Gerhard PribekAnschrift:Eyblweg 261210 Wien\u00d6sterreichKontakt:E-Mail: email@geraldgerhard.atTelefon: +43 660 1234567Beruf:Freischaffender K\u00fcnstler \/ FilmemacherHaftungsausschluss:Trotz sorgf\u00e4ltiger inhaltlicher Kontrolle \u00fcbernehme ich keine Haftung f\u00fcr die Inhalte externer Links. F\u00fcr den Inhalt der verlinkten Seiten sind ausschlie\u00dflich deren Betreiber verantwortlich.Urheberrecht:Alle Inhalte dieser Website (Texte, Bilder, [&hellip;]<\/p>\n","protected":false},"author":1,"featured_media":0,"parent":0,"menu_order":0,"comment_status":"closed","ping_status":"closed","template":"","meta":{"_seopress_robots_primary_cat":"","_seopress_titles_title":"","_seopress_titles_desc":"","_seopress_robots_index":"yes","_breakdance_hide_in_design_set":false,"_breakdance_tags":"","footnotes":""},"class_list":["post-189","page","type-page","status-publish","hentry"],"_links":{"self":[{"href":"https:\/\/geraldpribek.at\/en\/wp-json\/wp\/v2\/pages\/189","targetHints":{"allow":["GET"]}}],"collection":[{"href":"https:\/\/geraldpribek.at\/en\/wp-json\/wp\/v2\/pages"}],"about":[{"href":"https:\/\/geraldpribek.at\/en\/wp-json\/wp\/v2\/types\/page"}],"author":[{"embeddable":true,"href":"https:\/\/geraldpribek.at\/en\/wp-json\/wp\/v2\/users\/1"}],"replies":[{"embeddable":true,"href":"https:\/\/geraldpribek.at\/en\/wp-json\/wp\/v2\/comments?post=189"}],"version-history":[{"count":8,"href":"https:\/\/geraldpribek.at\/en\/wp-json\/wp\/v2\/pages\/189\/revisions"}],"predecessor-version":[{"id":291,"href":"https:\/\/geraldpribek.at\/en\/wp-json\/wp\/v2\/pages\/189\/revisions\/291"}],"wp:attachment":[{"href":"https:\/\/geraldpribek.at\/en\/wp-json\/wp\/v2\/media?parent=189"}],"curies":[{"name":"wp","href":"https:\/\/api.w.org\/{rel}","templated":true}]}}